{"id":258,"date":"2020-05-13T20:46:27","date_gmt":"2020-05-13T20:46:27","guid":{"rendered":"http:\/\/el.commonsupport.com\/newwp\/envolve3\/?page_id=258"},"modified":"2025-12-02T00:47:18","modified_gmt":"2025-12-01T23:47:18","slug":"presentation","status":"publish","type":"page","link":"https:\/\/macomtunisie.com\/index.php\/presentation\/","title":{"rendered":"Pr\u00e9sentation"},"content":{"rendered":"\t\t<div data-elementor-type=\"wp-page\" data-elementor-id=\"258\" class=\"elementor elementor-258\">\n\t\t\t\t\t\t<section class=\"elementor-section elementor-top-section elementor-element elementor-element-b91d711 elementor-section-full_width elementor-section-height-default elementor-section-height-default\" data-id=\"b91d711\" data-element_type=\"section\">\n\t\t\t\t\t\t<div class=\"elementor-container elementor-column-gap-default\">\n\t\t\t\t\t<div class=\"elementor-column elementor-col-100 elementor-top-column elementor-element elementor-element-a27521e\" data-id=\"a27521e\" data-element_type=\"column\">\n\t\t\t<div class=\"elementor-widget-wrap elementor-element-populated\">\n\t\t\t\t\t\t<div class=\"elementor-element elementor-element-49e730a elementor-widget elementor-widget-envolve_about_us_v6\" data-id=\"49e730a\" data-element_type=\"widget\" data-widget_type=\"envolve_about_us_v6.default\">\n\t\t\t\t<div class=\"elementor-widget-container\">\n\t\t\t\t\t        \r\n        <!-- About Section Seven -->\r\n        <section class=\"about-section-seven\">\r\n            <div class=\"auto-container\">\r\n                <div class=\"row\">\r\n                    <div class=\"col-lg-6\">\r\n                        <div class=\"image-block\">\r\n                            <div class=\"image-box\"><img decoding=\"async\" class=\"lazy-image owl-lazy\" src=\"http:\/\/macomtunisie.com\/wp-content\/uploads\/2025\/12\/IMG-20251007-WA0053-e1764545783709.jpg\" data-src=\"http:\/\/macomtunisie.com\/wp-content\/uploads\/2025\/12\/IMG-20251007-WA0053-e1764545783709.jpg\" alt=\"Awesome Image\"><\/div>\r\n                            <div class=\"video-box\">\r\n                                <a href=\"\" class=\"overlay-link lightbox-image video-fancybox ripple\"><span class=\"play-icon flaticon-play\"><\/span>\r\n                                    <span class=\"curved-circle\">   <\/span>\r\n                                <\/a>\r\n                            <\/div>\r\n                            <div class=\"shape-one\"><img decoding=\"async\" src=\"https:\/\/macomtunisie.com\/wp-content\/themes\/envolve\/assets\/images\/shape\/shape-19.png\" alt=\"\"><\/div>\r\n                            <div class=\"shape-two\"><img decoding=\"async\" src=\"https:\/\/macomtunisie.com\/wp-content\/themes\/envolve\/assets\/images\/shape\/shape-20.png\" alt=\"\"><\/div>\r\n                        <\/div>\r\n                    <\/div>\r\n                    <div class=\"col-lg-6\">\r\n                        <div class=\"sec-title\">\r\n                            <h2>Macom Agencement en quelques mots<\/h2>\r\n                            <div class=\"text-decoration\">\r\n                                <span class=\"left\"><\/span>\r\n                                <span class=\"right\"><\/span>\r\n                            <\/div>\r\n                            \r\n                        <\/div>\r\n                        <div class=\"text-block\">\r\n                            <div class=\"text\">Our power of choices is untrammelled and when nothing prevents to do what we like best principle of selection.<\/div>\r\n                            <h4><\/h4>\r\n                            <div class=\"text\"><\/div>\r\n                        <\/div>\r\n                        <div class=\"author-box\">\r\n                            <div class=\"author-info\">\r\n                                <img decoding=\"async\" src=\"\" alt=\"Awesome Image\">\r\n                                <h4><\/h4>\r\n                                <h5><\/h5>\r\n                            <\/div>\r\n                            <div class=\"signature\"><img decoding=\"async\" src=\"\" alt=\"Awesome Image\"><\/div>\r\n                        <\/div>\r\n                        <div class=\"bottom-content\">\r\n                            <h5>Avez-vous besoin d'aide suppl\u00e9mentaire ?<\/h5>\r\n                            <form action=\"http:\/\/feedburner.google.com\/fb\/a\/mailverify\" accept-charset=\"utf-8\" method=\"post\">\r\n                                <div class=\"form-group\">\r\n                                    <input type=\"hidden\" name=\"uri\" value=\"\">\r\n                                    <input type=\"email\" placeholder=\"Enter Your Email...\">\r\n                                    <button class=\"theme-btn btn-style-one\"><span class=\"btn-title\">START HERE<\/span><\/button>\r\n                                <\/div>\r\n                            <\/form>\r\n                            <div class=\"phone-number\">ou appelez le <a href=\"tel:0021698377350\">+216 98 377 350<\/a> \/ <a href=\"tel:0021629377350\"> +216 29 377 350<\/a><\/div>\r\n                        <\/div>\r\n                            \r\n                    <\/div>\r\n                <\/div>\r\n            <\/div>\r\n        <\/section>\r\n         \r\n\t\t\t\t\t\t<\/div>\n\t\t\t\t<\/div>\n\t\t\t\t\t<\/div>\n\t\t<\/div>\n\t\t\t\t\t<\/div>\n\t\t<\/section>\n\t\t\t\t<section class=\"elementor-section elementor-top-section elementor-element elementor-element-b7863c3 elementor-section-full_width elementor-section-height-default elementor-section-height-default\" data-id=\"b7863c3\" data-element_type=\"section\">\n\t\t\t\t\t\t<div class=\"elementor-container elementor-column-gap-default\">\n\t\t\t\t\t<div class=\"elementor-column elementor-col-100 elementor-top-column elementor-element elementor-element-ddcd851\" data-id=\"ddcd851\" data-element_type=\"column\">\n\t\t\t<div class=\"elementor-widget-wrap elementor-element-populated\">\n\t\t\t\t\t\t<div class=\"elementor-element elementor-element-6d4d440 elementor-widget elementor-widget-envolve_funfacts_and_skills\" data-id=\"6d4d440\" data-element_type=\"widget\" data-widget_type=\"envolve_funfacts_and_skills.default\">\n\t\t\t\t<div class=\"elementor-widget-container\">\n\t\t\t\t\t        \r\n        <!-- Experience Section Two -->\r\n        <section class=\"experience-section-two\" style=\"background-image: url(http:\/\/el.commonsupport.com\/newwp\/envolve3\/wp-content\/uploads\/2020\/05\/bg-29.jpg);\">\r\n            <div class=\"auto-container\">\r\n                <div class=\"row\">\r\n                    <div class=\"col-lg-6\">\r\n                        <div class=\"wrapper-box\">\r\n                            <h2>Nos Exp\u00e9riences<\/h2>\r\n                                                        <div class=\"column counter-column\">\r\n                                <div class=\"inner wow fadeInLeft\" data-wow-delay=\"0ms\" data-wow-duration=\"1500ms\">\r\n                                    <div class=\"content\">\r\n                                        <div class=\"counter-title\">Projects<\/div>\r\n                                        <div class=\"count-outer count-box\">\r\n                                            <span class=\"count-text\" data-speed=\"3000\" data-stop=\"100\">0<\/span><span>k<\/span>\r\n                                        <\/div>\r\n                                        <div class=\"text\">Projets r\u00e9ussis<\/div>\r\n                                        <a href=\"https:\/\/macomtunisie.com\/index.php\/our-services\/\"><i class=\"flaticon-right\"><\/i>Nos R\u00e9alisations<\/a>\r\n                                    <\/div>\r\n                                <\/div>\r\n                            <\/div>\r\n                                                        <div class=\"column counter-column\">\r\n                                <div class=\"inner wow fadeInLeft\" data-wow-delay=\"0ms\" data-wow-duration=\"1500ms\">\r\n                                    <div class=\"content\">\r\n                                        <div class=\"counter-title\">Happy Clients<\/div>\r\n                                        <div class=\"count-outer count-box\">\r\n                                            <span class=\"count-text\" data-speed=\"3000\" data-stop=\"99\">0<\/span><span>%<\/span>\r\n                                        <\/div>\r\n                                        <div class=\"text\">Satisfaction des clients<\/div>\r\n                                        <a href=\"#\"><i class=\"flaticon-right\"><\/i>T\u00e9moignages<\/a>\r\n                                    <\/div>\r\n                                <\/div>\r\n                            <\/div>\r\n                                                    <\/div>\r\n                            \r\n                    <\/div>\r\n                    <div class=\"col-lg-6\">\r\n                        <div class=\"sec-title light\">\r\n                            <h2>Un choix financi\u00e8rement judicieux. <br> Notre service est fait avec le c\u0153ur.<\/h2>\r\n                            <div class=\"text-decoration\">\r\n                                <span class=\"left\"><\/span>\r\n                                <span class=\"right\"><\/span>\r\n                            <\/div>\r\n                        <\/div>\r\n                        <!--Progress Levels-->\r\n                        <div class=\"progress-levels\">                                \r\n                                                        <!--Skill Box-->\r\n                            <div class=\"progress-box wow fadeIn\" data-wow-delay=\"100ms\" data-wow-duration=\"1500ms\">\r\n                                <h5>Projets<\/h5>\r\n                                <div class=\"inner\">\r\n                                    <div class=\"bar\">\r\n                                        <div class=\"bar-innner\"><div class=\"bar-fill\" data-percent=\"62\"><div class=\"percent\"><\/div><\/div><\/div>\r\n                                    <\/div>                                \r\n                                <\/div>\r\n                            <\/div>\r\n                                                        <!--Skill Box-->\r\n                            <div class=\"progress-box wow fadeIn\" data-wow-delay=\"100ms\" data-wow-duration=\"1500ms\">\r\n                                <h5>Clients satisfais<\/h5>\r\n                                <div class=\"inner\">\r\n                                    <div class=\"bar\">\r\n                                        <div class=\"bar-innner\"><div class=\"bar-fill\" data-percent=\"75\"><div class=\"percent\"><\/div><\/div><\/div>\r\n                                    <\/div>                                \r\n                                <\/div>\r\n                            <\/div>\r\n                                                    <\/div>\r\n                    <\/div>\r\n                <\/div>\r\n            <\/div>\r\n        <\/section>\r\n        \r\n\t\t\t\t\t\t<\/div>\n\t\t\t\t<\/div>\n\t\t\t\t\t<\/div>\n\t\t<\/div>\n\t\t\t\t\t<\/div>\n\t\t<\/section>\n\t\t\t\t<\/div>\n\t\t","protected":false},"excerpt":{"rendered":"<p>Macom Agencement en quelques mots Our power of choices is untrammelled and when nothing prevents to do what we like best principle of selection. Avez-vous besoin d&#8217;aide suppl\u00e9mentaire ? START HERE ou appelez le +216 98 377 350 \/ +216 29 377 350 Nos Exp\u00e9riences Projects 0k Projets r\u00e9ussis Nos R\u00e9alisations Happy Clients 0% Satisfaction [&hellip;]<\/p>\n","protected":false},"author":1,"featured_media":0,"parent":0,"menu_order":0,"comment_status":"closed","ping_status":"closed","template":"tpl-default-elementor.php","meta":{"footnotes":""},"class_list":["post-258","page","type-page","status-publish","hentry"],"_links":{"self":[{"href":"https:\/\/macomtunisie.com\/index.php\/wp-json\/wp\/v2\/pages\/258","targetHints":{"allow":["GET"]}}],"collection":[{"href":"https:\/\/macomtunisie.com\/index.php\/wp-json\/wp\/v2\/pages"}],"about":[{"href":"https:\/\/macomtunisie.com\/index.php\/wp-json\/wp\/v2\/types\/page"}],"author":[{"embeddable":true,"href":"https:\/\/macomtunisie.com\/index.php\/wp-json\/wp\/v2\/users\/1"}],"replies":[{"embeddable":true,"href":"https:\/\/macomtunisie.com\/index.php\/wp-json\/wp\/v2\/comments?post=258"}],"version-history":[{"count":19,"href":"https:\/\/macomtunisie.com\/index.php\/wp-json\/wp\/v2\/pages\/258\/revisions"}],"predecessor-version":[{"id":3910,"href":"https:\/\/macomtunisie.com\/index.php\/wp-json\/wp\/v2\/pages\/258\/revisions\/3910"}],"wp:attachment":[{"href":"https:\/\/macomtunisie.com\/index.php\/wp-json\/wp\/v2\/media?parent=258"}],"curies":[{"name":"wp","href":"https:\/\/api.w.org\/{rel}","templated":true}]}}